{"id":562,"date":"2019-02-04T08:25:14","date_gmt":"2019-02-04T08:25:14","guid":{"rendered":"http:\/\/localhost\/boldman\/boldman-theme\/?page_id=562"},"modified":"2022-11-24T10:14:21","modified_gmt":"2022-11-24T09:14:21","slug":"contact","status":"publish","type":"page","link":"https:\/\/renovationinside.be\/index.php\/contact\/","title":{"rendered":"Contact"},"content":{"rendered":"<p>[vc_row tm_bgimagefixed=\u00a0\u00bb\u00a0\u00bb full_width=\u00a0\u00bbstretch_row_content\u00a0\u00bb css=\u00a0\u00bb.vc_custom_1549254717163{padding-top: 0px !important;padding-bottom: 0px !important;}\u00a0\u00bb][vc_column css=\u00a0\u00bb.vc_custom_1549254413433{padding-right: 0px !important;padding-left: 0px !important;}\u00a0\u00bb][vc_gmaps link=\u00a0\u00bb#E-8_JTNDaWZyYW1lJTIwc3JjJTNEJTIyaHR0cHMlM0ElMkYlMkZ3d3cuZ29vZ2xlLmNvbSUyRm1hcHMlMkZlbWJlZCUzRnBiJTNEJTIxMW0xOCUyMTFtMTIlMjExbTMlMjExZDI1MjAuMTI0MDUxNTI3NDE1MyUyMTJkNC4zMzM1NTk4OTk5OTk5OTklMjEzZDUwLjgyODg2NjElMjEybTMlMjExZjAlMjEyZjAlMjEzZjAlMjEzbTIlMjExaTEwMjQlMjEyaTc2OCUyMTRmMTMuMSUyMTNtMyUyMTFtMiUyMTFzMHg0N2MzYzQ2YThhNGNiOGRkJTI1M0EweGMxZmY3YmRiNTMwZGM4ODElMjEyc0F2LiUyNTIwZHUlMjUyMFJvaSUyNTIwNjUlMjUyQyUyNTIwMTA2MCUyNTIwU2FpbnQtR2lsbGVzJTI1MkMlMjUyMEJlbGdpcXVlJTIxNWUwJTIxM20yJTIxMXNmciUyMTJzdG4lMjE0djE2NjgxNzI2Mzc2ODAlMjE1bTIlMjExc2ZyJTIxMnN0biUyMiUyMHdpZHRoJTNEJTIyNjAwJTIyJTIwaGVpZ2h0JTNEJTIyNDUwJTIyJTIwc3R5bGUlM0QlMjJib3JkZXIlM0EwJTNCJTIyJTIwYWxsb3dmdWxsc2NyZWVuJTNEJTIyJTIyJTIwbG9hZGluZyUzRCUyMmxhenklMjIlMjByZWZlcnJlcnBvbGljeSUzRCUyMm5vLXJlZmVycmVyLXdoZW4tZG93bmdyYWRlJTIyJTNFJTNDJTJGaWZyYW1lJTNF\u00a0\u00bb][\/vc_column][\/vc_row][vc_row tm_bgimagefixed=\u00a0\u00bb\u00a0\u00bb full_width=\u00a0\u00bbstretch_row\u00a0\u00bb css=\u00a0\u00bb.vc_custom_1550063964251{padding-top: 65px !important;padding-bottom: 155px !important;}\u00a0\u00bb tm_responsive_css=\u00a0\u00bb55639100|colbreak_no|||||||||colbreak_no|||||25px||115px||colbreak_no||||||||||colbreak_no|||||||||\u00a0\u00bb][vc_column width=\u00a0\u00bb7\/12&Prime; css=\u00a0\u00bb.vc_custom_1550064056914{padding-right: 60px !important;}\u00a0\u00bb tm_responsive_css=\u00a0\u00bb63016091|colbreak_no|||||||||colbreak_no|||||||||colbreak_no||||||15px|40px|||colbreak_no|||||||||\u00a0\u00bb]<div class=\"tm-element-heading-wrapper tm-heading-inner tm-element-align-left tm-seperator-solid tm-heading-style-vertical \"><section class=\"tm-vc_cta3-container\"><div class=\"tm-vc_general tm-vc_cta3 tm-cta3-only tm-vc_cta3-style-classic tm-vc_cta3-shape-rounded tm-vc_cta3-align-left tm-vc_cta3-color-transparent tm-vc_cta3-icon-size-md tm-vc_cta3-actions-no tm-cta3-with-desc\"><div class=\"tm-vc_cta3_content-container\"><div class=\"tm-vc_cta3-content\"><header class=\"tm-vc_cta3-content-header tm-wrap\"><div class=\"tm-vc_cta3-headers tm-wrap-cell\"><h2 class=\"tm-custom-heading \" >Contact<\/h2>\n<\/div><\/header><div class=\"tm-cta3-content-wrapper\"><p>Parlez-nous mieux de votre projet, n\u2019h\u00e9sitez pas \u00e0 nous contacter via le formulaire ci-dessous. Nos experts seront \u00e0 votre \u00e9coute pour discuter avec vous les d\u00e9tails de vos travaux !<\/p><\/div><\/div><\/div><\/div><\/section><\/div> <!-- .tm-element-heading-wrapper container --> [vc_row_inner][vc_column_inner]\n<div class=\"wpcf7 no-js\" id=\"wpcf7-f577-o1\" lang=\"en-US\" dir=\"ltr\">\n<div class=\"screen-reader-response\"><p role=\"status\" aria-live=\"polite\" aria-atomic=\"true\"><\/p> <ul><\/ul><\/div>\n<form action=\"\/index.php\/wp-json\/wp\/v2\/pages\/562#wpcf7-f577-o1\" method=\"post\" class=\"wpcf7-form init\" aria-label=\"Contact form\" novalidate=\"novalidate\" data-status=\"init\">\n<div style=\"display: none;\">\n<input type=\"hidden\" name=\"_wpcf7\" value=\"577\" \/>\n<input type=\"hidden\" name=\"_wpcf7_version\" value=\"5.8.1\" \/>\n<input type=\"hidden\" name=\"_wpcf7_locale\" value=\"en_US\" \/>\n<input type=\"hidden\" name=\"_wpcf7_unit_tag\" value=\"wpcf7-f577-o1\" \/>\n<input type=\"hidden\" name=\"_wpcf7_container_post\" value=\"0\" \/>\n<input type=\"hidden\" name=\"_wpcf7_posted_data_hash\" value=\"\" \/>\n<\/div>\n<div class=\"tm-commonform contactform-1\">\n\t<div class=\"row\">\n\t\t<div class=\"col-md-6\">\n\t\t\t<div class=\"field-group\">\n\t\t\t\t<p><i class=\"tm-skincolor ti-user\"><\/i><span class=\"wpcf7-form-control-wrap\" data-name=\"your-name\"><input size=\"40\" class=\"wpcf7-form-control wpcf7-text wpcf7-validates-as-required\" aria-required=\"true\" aria-invalid=\"false\" placeholder=\"Nom\" value=\"\" type=\"text\" name=\"your-name\" \/><\/span>\n\t\t\t\t<\/p>\n\t\t\t<\/div>\n\t\t<\/div>\n\t\t<div class=\"col-md-6\">\n\t\t\t<div class=\"field-group\">\n\t\t\t\t<p><i class=\"tm-skincolor ti-mobile\"><\/i><span class=\"wpcf7-form-control-wrap\" data-name=\"your-phone\"><input size=\"40\" class=\"wpcf7-form-control wpcf7-text wpcf7-validates-as-required\" aria-required=\"true\" aria-invalid=\"false\" placeholder=\"T\u00e9l\u00e9phone\" value=\"\" type=\"text\" name=\"your-phone\" \/><\/span>\n\t\t\t\t<\/p>\n\t\t\t<\/div>\n\t\t<\/div>\n\t<\/div>\n\t<div class=\"row\">\n\t\t<div class=\"col-md-6\">\n\t\t\t<div class=\"field-group\">\n\t\t\t\t<p><i class=\"tm-skincolor ti-email\"><\/i><span class=\"wpcf7-form-control-wrap\" data-name=\"your-email\"><input size=\"40\" class=\"wpcf7-form-control wpcf7-email wpcf7-validates-as-required wpcf7-text wpcf7-validates-as-email\" aria-required=\"true\" aria-invalid=\"false\" placeholder=\"Email\" value=\"\" type=\"email\" name=\"your-email\" \/><\/span>\n\t\t\t\t<\/p>\n\t\t\t<\/div>\n\t\t<\/div>\n\t\t<div class=\"col-md-6\">\n\t\t\t<div class=\"field-group\">\n\t\t\t\t<p><i class=\"tm-skincolor ti-location-pin\"><\/i><span class=\"wpcf7-form-control-wrap\" data-name=\"your-venue\"><input size=\"40\" class=\"wpcf7-form-control wpcf7-text wpcf7-validates-as-required\" aria-required=\"true\" aria-invalid=\"false\" placeholder=\"Ville\" value=\"\" type=\"text\" name=\"your-venue\" \/><\/span>\n\t\t\t\t<\/p>\n\t\t\t<\/div>\n\t\t<\/div>\n\t<\/div>\n\t<div class=\"row\">\n\t\t<div class=\"col-md-12\">\n\t\t\t<div class=\"field-group\">\n\t\t\t\t<p><i class=\"tm-skincolor ti-comment\"><\/i><span class=\"wpcf7-form-control-wrap\" data-name=\"your-message\"><textarea cols=\"40\" rows=\"1\" class=\"wpcf7-form-control wpcf7-textarea wpcf7-validates-as-required\" aria-required=\"true\" aria-invalid=\"false\" placeholder=\"Message\" name=\"your-message\"><\/textarea><\/span>\n\t\t\t\t<\/p>\n\t\t\t<\/div>\n\t\t<\/div>\n\t<\/div>\n\t<div>\n\t\t<p><input class=\"wpcf7-form-control wpcf7-submit has-spinner tm-vc_general tm-vc_btn3 tm-vc_btn3-shape-square tm-vc_btn3-color-black tm-vc_btn3-style-outline\" type=\"submit\" value=\"Envoyer\" \/>\n\t\t<div class=\"wpcf7-response-output\" aria-hidden=\"true\"><\/div>\n\t<\/div>\n<\/div><input type=\"hidden\" id=\"ct_checkjs_cf7_ca46c1b9512a7a8315fa3c5a946e8265\" name=\"ct_checkjs_cf7\" value=\"0\" \/><script >setTimeout(function(){var ct_input_name = \"ct_checkjs_cf7_ca46c1b9512a7a8315fa3c5a946e8265\";if (document.getElementById(ct_input_name) !== null) {var ct_input_value = document.getElementById(ct_input_name).value;document.getElementById(ct_input_name).value = document.getElementById(ct_input_name).value.replace(ct_input_value, '791448396');}}, 1000);<\/script><label class=\"apbct_special_field\" id=\"apbct_label_id20639\" for=\"apbct__email_id__wp_contact_form_7_20639\">20639<\/label><input\n            id=\"apbct__email_id__wp_contact_form_7_20639\"\n            class=\"apbct_special_field apbct__email_id__wp_contact_form_7\"\n            name=\"apbct__email_id__wp_contact_form_7_20639\"\n            type=\"text\" size=\"30\" maxlength=\"200\" autocomplete=\"off\"\n            value=\"20639\" apbct_event_id=\"20639\"\n            \/><input id=\"apbct_event_id_wp_contact_form_7_20639\"\n                class=\"apbct_special_field\" name=\"apbct_event_id\" type=\"hidden\" value=\"20639\" \/>\n<\/form>\n<\/div>\n[\/vc_column_inner][\/vc_row_inner][\/vc_column][vc_column tm_bgcolor=\u00a0\u00bbwhite\u00a0\u00bb tm_shadow=\u00a0\u00bbyes\u00a0\u00bb width=\u00a0\u00bb5\/12&Prime; el_class=\u00a0\u00bbtm-rounded-shadow-box\u00a0\u00bb][vc_row_inner css=\u00a0\u00bb.vc_custom_1550064129482{padding-top: 40px !important;padding-right: 50px !important;padding-bottom: 20px !important;padding-left: 50px !important;}\u00a0\u00bb tm_responsive_css=\u00a0\u00bb77368950|colbreak_no|||||||||colbreak_no|||||||||colbreak_no|||||25px|20px|5px|20px||colbreak_no|||||||||\u00a0\u00bb][vc_column_inner]<h4 style=\"text-align:left;\" class=\"tm-custom-heading \" >Contact<\/h4>\n<ul class=\"boldman_contact_widget_wrapper themetechmount_vc_contact_wrapper\"><li class=\"themetechmount-contact-address  tm-boldman-icon-location-pin\">Avenue du roi 65<br \/>\n1060 Saint-Gilles<\/li><li class=\"themetechmount-contact-phonenumber tm-boldman-icon-mobile\">0460216616<\/li><li class=\"themetechmount-contact-email tm-boldman-icon-comment-1\"><a href=\"mailto:Contact@renovationinside.be\">Contact@renovationinside.be<\/a><\/li><\/ul>[vc_column_text css=\u00a0\u00bb.vc_custom_1668172788276{padding-top: 7px !important;}\u00a0\u00bb]<div class=\"themetechmount-social-links-wrapper\"><ul class=\"social-icons\"><li class=\"tm-social-facebook\"><a class=\" tooltip-top\" target=\"_blank\" href=\"#\" data-tooltip=\"Facebook\"><i class=\"tm-boldman-icon-facebook\"><\/i><\/a><\/li>\n<li class=\"tm-social-twitter\"><a class=\" tooltip-top\" target=\"_blank\" href=\"#\" data-tooltip=\"Twitter\"><i class=\"tm-boldman-icon-twitter\"><\/i><\/a><\/li>\n<li class=\"tm-social-flickr\"><a class=\" tooltip-top\" target=\"_blank\" href=\"#\" data-tooltip=\"Flickr\"><i class=\"tm-boldman-icon-flickr\"><\/i><\/a><\/li>\n<li class=\"tm-social-linkedin\"><a class=\" tooltip-top\" target=\"_blank\" href=\"\" data-tooltip=\"LinkedIn\"><i class=\"tm-boldman-icon-linkedin\"><\/i><\/a><\/li>\n<\/ul><\/div>[\/vc_column_text][\/vc_column_inner][\/vc_row_inner][\/vc_column][\/vc_row]<\/p>\n","protected":false},"excerpt":{"rendered":"<p>[vc_row tm_bgimagefixed=\u00a0\u00bb\u00a0\u00bb full_width=\u00a0\u00bbstretch_row_content\u00a0\u00bb css=\u00a0\u00bb.vc_custom_1549254717163{padding-top: 0px !important;padding-bottom: 0px !important;}\u00a0\u00bb][vc_column css=\u00a0\u00bb.vc_custom_1549254413433{padding-right: 0px !important;padding-left: 0px !important;}\u00a0\u00bb][vc_gmaps link=\u00a0\u00bb#E-8_JTNDaWZyYW1lJTIwc3JjJTNEJTIyaHR0cHMlM0ElMkYlMkZ3d3cuZ29vZ2xlLmNvbSUyRm1hcHMlMkZlbWJlZCUzRnBiJTNEJTIxMW0xOCUyMTFtMTIlMjExbTMlMjExZDI1MjAuMTI0MDUxNTI3NDE1MyUyMTJkNC4zMzM1NTk4OTk5OTk5OTklMjEzZDUwLjgyODg2NjElMjEybTMlMjExZjAlMjEyZjAlMjEzZjAlMjEzbTIlMjExaTEwMjQlMjEyaTc2OCUyMTRmMTMuMSUyMTNtMyUyMTFtMiUyMTFzMHg0N2MzYzQ2YThhNGNiOGRkJTI1M0EweGMxZmY3YmRiNTMwZGM4ODElMjEyc0F2LiUyNTIwZHUlMjUyMFJvaSUyNTIwNjUlMjUyQyUyNTIwMTA2MCUyNTIwU2FpbnQtR2lsbGVzJTI1MkMlMjUyMEJlbGdpcXVlJTIxNWUwJTIxM20yJTIxMXNmciUyMTJzdG4lMjE0djE2NjgxNzI2Mzc2ODAlMjE1bTIlMjExc2ZyJTIxMnN0biUyMiUyMHdpZHRoJTNEJTIyNjAwJTIyJTIwaGVpZ2h0JTNEJTIyNDUwJTIyJTIwc3R5bGUlM0QlMjJib3JkZXIlM0EwJTNCJTIyJTIwYWxsb3dmdWxsc2NyZWVuJTNEJTIyJTIyJTIwbG9hZGluZyUzRCUyMmxhenklMjIlMjByZWZlcnJlcnBvbGljeSUzRCUyMm5vLXJlZmVycmVyLXdoZW4tZG93bmdyYWRlJTIyJTNFJTNDJTJGaWZyYW1lJTNF\u00a0\u00bb][\/vc_column][\/vc_row][vc_row tm_bgimagefixed=\u00a0\u00bb\u00a0\u00bb full_width=\u00a0\u00bbstretch_row\u00a0\u00bb css=\u00a0\u00bb.vc_custom_1550063964251{padding-top: 65px !important;padding-bottom: 155px !important;}\u00a0\u00bb tm_responsive_css=\u00a0\u00bb55639100|colbreak_no|||||||||colbreak_no|||||25px||115px||colbreak_no||||||||||colbreak_no|||||||||\u00a0\u00bb][vc_column width=\u00a0\u00bb7\/12&Prime; css=\u00a0\u00bb.vc_custom_1550064056914{padding-right: 60px !important;}\u00a0\u00bb tm_responsive_css=\u00a0\u00bb63016091|colbreak_no|||||||||colbreak_no|||||||||colbreak_no||||||15px|40px|||colbreak_no|||||||||\u00a0\u00bb][vc_row_inner][vc_column_inner][\/vc_column_inner][\/vc_row_inner][\/vc_column][vc_column tm_bgcolor=\u00a0\u00bbwhite\u00a0\u00bb tm_shadow=\u00a0\u00bbyes\u00a0\u00bb width=\u00a0\u00bb5\/12&Prime; el_class=\u00a0\u00bbtm-rounded-shadow-box\u00a0\u00bb][vc_row_inner css=\u00a0\u00bb.vc_custom_1550064129482{padding-top: 40px !important;padding-right: 50px !important;padding-bottom: 20px !important;padding-left: 50px !important;}\u00a0\u00bb tm_responsive_css=\u00a0\u00bb77368950|colbreak_no|||||||||colbreak_no|||||||||colbreak_no|||||25px|20px|5px|20px||colbreak_no|||||||||\u00a0\u00bb][vc_column_inner][vc_column_text css=\u00a0\u00bb.vc_custom_1668172788276{padding-top: 7px !important;}\u00a0\u00bb][\/vc_column_text][\/vc_column_inner][\/vc_row_inner][\/vc_column][\/vc_row]<\/p>\n","protected":false},"author":1,"featured_media":0,"parent":0,"menu_order":13,"comment_status":"closed","ping_status":"closed","template":"","meta":{"footnotes":""},"_links":{"self":[{"href":"https:\/\/renovationinside.be\/index.php\/wp-json\/wp\/v2\/pages\/562"}],"collection":[{"href":"https:\/\/renovationinside.be\/index.php\/wp-json\/wp\/v2\/pages"}],"about":[{"href":"https:\/\/renovationinside.be\/index.php\/wp-json\/wp\/v2\/types\/page"}],"author":[{"embeddable":true,"href":"https:\/\/renovationinside.be\/index.php\/wp-json\/wp\/v2\/users\/1"}],"replies":[{"embeddable":true,"href":"https:\/\/renovationinside.be\/index.php\/wp-json\/wp\/v2\/comments?post=562"}],"version-history":[{"count":4,"href":"https:\/\/renovationinside.be\/index.php\/wp-json\/wp\/v2\/pages\/562\/revisions"}],"predecessor-version":[{"id":4190,"href":"https:\/\/renovationinside.be\/index.php\/wp-json\/wp\/v2\/pages\/562\/revisions\/4190"}],"wp:attachment":[{"href":"https:\/\/renovationinside.be\/index.php\/wp-json\/wp\/v2\/media?parent=562"}],"curies":[{"name":"wp","href":"https:\/\/api.w.org\/{rel}","templated":true}]}}