{"id":3880,"date":"2019-02-04T12:52:59","date_gmt":"2019-02-04T12:52:59","guid":{"rendered":"http:\/\/localhost\/boldman\/boldman-theme\/?page_id=616"},"modified":"2022-11-11T12:31:11","modified_gmt":"2022-11-11T11:31:11","slug":"nos-realisations","status":"publish","type":"page","link":"https:\/\/renovationinside.be\/index.php\/nos-realisations\/","title":{"rendered":"Nos r\u00e9alisations"},"content":{"rendered":"<p>[vc_row tm_bgimagefixed=\u00a0\u00bb\u00a0\u00bb css=\u00a0\u00bb.vc_custom_1533794482488{padding-top: 65px !important;padding-bottom: 0px !important;}\u00a0\u00bb][vc_column]<h2 style=\"text-align:left;font-size:36px;line-height:46px;\" class=\"tm-custom-heading \" >Nos r\u00e9alisations<\/h2>\n[vc_column_text]D\u00e9couvrez nos derniers projets r\u00e9alis\u00e9s et assurez-vous de la qualit\u00e9 du service que nous offrons:[\/vc_column_text][\/vc_column][\/vc_row][vc_row tm_bgimagefixed=\u00a0\u00bb\u00a0\u00bb css=\u00a0\u00bb.vc_custom_1550124264289{padding-top: 15px !important;padding-bottom: 100px !important;}\u00a0\u00bb][vc_column]<div class=\"themetechmount-boxes themetechmount-boxes-portfolio themetechmount-boxes-view-default themetechmount-boxes-col-three themetechmount-boxes-sortable-no themetechmount-boxes-textalign-center\">\n\t\t<div class=\"themetechmount-boxes-inner themetechmount-boxes-portfolio-inner \">\n\t\t\t\n\t\t\t<div class=\"row multi-columns-row themetechmount-boxes-row-wrapper\">\n\t\t\t\t<div class=\"tm-box-col-wrapper col-lg-4 col-sm-6 col-md-4 col-xs-12 renovation-toiture\"><article class=\"themetechmount-box themetechmount-box-portfolio themetechmount-box-view-top-image themetechmount-portfolio-box-view-top-image \">\r\n\t<div class=\"themetechmount-post-item\">\t\r\n\t\t<div class=\"themetechmount-post-item-inner\">\r\n\t\t\t<div class=\"tm-featured-wrapper tm-tm_portfolio-featured-wrapper\"><a href=\"https:\/\/renovationinside.be\/index.php\/portfolio\/renovation-charpente\/\"><img width=\"740\" height=\"556\" src=\"https:\/\/renovationinside.be\/wp-content\/uploads\/2022\/11\/5-740x556.jpg\" class=\"attachment-themetechmount-img-portfolio size-themetechmount-img-portfolio wp-post-image\" alt=\"\" decoding=\"async\" data-id=\"4042\" \/><\/a><\/div>\t\t\t<div class=\"themetechmount-box-content themetechmount-overlay\">\r\n\t\t\t\t<div class=\"themetechmount-box-content-inner\">\r\n\t\t\t\t\t<div class=\"themetechmount-icon-box themetechmount-media-link\"><a class=\"tm_prettyphoto\" title=\"R\u00e9novation charpente\" href=\"https:\/\/renovationinside.be\/wp-content\/uploads\/2022\/11\/5.jpg\"><i class=\"tm-boldman-icon-search\"><\/i><\/a><a href=\" https:\/\/renovationinside.be\/index.php\/portfolio\/renovation-charpente\/\" class=\"themetechmount_pf_link\"><i class=\"tm-boldman-icon-link\"><\/i><\/a><\/div>\t\r\n\t\t\t\t<\/div>\t\t\t\r\n\t\t\t<\/div>\r\n\t\t<\/div>\r\n\t\t<div class=\"themetechmount-box-bottom-content\">\t\t\t\t\t\r\n\t\t\t<div class=\"themetechmount-box-category\"><a href=\"https:\/\/renovationinside.be\/index.php\/portfolio-category\/renovation-toiture\/\" rel=\"tag\">R\u00e9novation toiture<\/a><\/div>\t\r\n\t\t\t<div class=\"themetechmount-box-title\"><h4><a href=\"https:\/\/renovationinside.be\/index.php\/portfolio\/renovation-charpente\/\">R\u00e9novation charpente<\/a><\/h4><\/div>\t\t\t\r\n\t\t<\/div>\r\n\t<\/div>\r\n<\/article><\/div><div class=\"tm-box-col-wrapper col-lg-4 col-sm-6 col-md-4 col-xs-12 travaux-de-construction\"><article class=\"themetechmount-box themetechmount-box-portfolio themetechmount-box-view-top-image themetechmount-portfolio-box-view-top-image \">\r\n\t<div class=\"themetechmount-post-item\">\t\r\n\t\t<div class=\"themetechmount-post-item-inner\">\r\n\t\t\t<div class=\"tm-featured-wrapper tm-tm_portfolio-featured-wrapper\"><a href=\"https:\/\/renovationinside.be\/index.php\/portfolio\/placement-de-chassis\/\"><img width=\"740\" height=\"556\" src=\"https:\/\/renovationinside.be\/wp-content\/uploads\/2019\/02\/27-740x556.jpg\" class=\"attachment-themetechmount-img-portfolio size-themetechmount-img-portfolio wp-post-image\" alt=\"\" decoding=\"async\" data-id=\"3955\" \/><\/a><\/div>\t\t\t<div class=\"themetechmount-box-content themetechmount-overlay\">\r\n\t\t\t\t<div class=\"themetechmount-box-content-inner\">\r\n\t\t\t\t\t<div class=\"themetechmount-icon-box themetechmount-media-link\"><a class=\"tm_prettyphoto\" title=\"Placement de ch\u00e2ssis\" href=\"https:\/\/renovationinside.be\/wp-content\/uploads\/2019\/02\/27.jpg\"><i class=\"tm-boldman-icon-search\"><\/i><\/a><a href=\" https:\/\/renovationinside.be\/index.php\/portfolio\/placement-de-chassis\/\" class=\"themetechmount_pf_link\"><i class=\"tm-boldman-icon-link\"><\/i><\/a><\/div>\t\r\n\t\t\t\t<\/div>\t\t\t\r\n\t\t\t<\/div>\r\n\t\t<\/div>\r\n\t\t<div class=\"themetechmount-box-bottom-content\">\t\t\t\t\t\r\n\t\t\t<div class=\"themetechmount-box-category\"><a href=\"https:\/\/renovationinside.be\/index.php\/portfolio-category\/travaux-de-construction\/\" rel=\"tag\">Travaux de construction<\/a><\/div>\t\r\n\t\t\t<div class=\"themetechmount-box-title\"><h4><a href=\"https:\/\/renovationinside.be\/index.php\/portfolio\/placement-de-chassis\/\">Placement de ch\u00e2ssis<\/a><\/h4><\/div>\t\t\t\r\n\t\t<\/div>\r\n\t<\/div>\r\n<\/article><\/div><div class=\"tm-box-col-wrapper col-lg-4 col-sm-6 col-md-4 col-xs-12 electricite\"><article class=\"themetechmount-box themetechmount-box-portfolio themetechmount-box-view-top-image themetechmount-portfolio-box-view-top-image \">\r\n\t<div class=\"themetechmount-post-item\">\t\r\n\t\t<div class=\"themetechmount-post-item-inner\">\r\n\t\t\t<div class=\"tm-featured-wrapper tm-tm_portfolio-featured-wrapper\"><a href=\"https:\/\/renovationinside.be\/index.php\/portfolio\/travaux-en-electricite\/\"><img width=\"740\" height=\"556\" src=\"https:\/\/renovationinside.be\/wp-content\/uploads\/2019\/02\/13-740x556.jpg\" class=\"attachment-themetechmount-img-portfolio size-themetechmount-img-portfolio wp-post-image\" alt=\"\" decoding=\"async\" srcset=\"https:\/\/renovationinside.be\/wp-content\/uploads\/2019\/02\/13-740x556.jpg 740w, https:\/\/renovationinside.be\/wp-content\/uploads\/2019\/02\/13-300x225.jpg 300w, https:\/\/renovationinside.be\/wp-content\/uploads\/2019\/02\/13-1024x768.jpg 1024w, https:\/\/renovationinside.be\/wp-content\/uploads\/2019\/02\/13-768x576.jpg 768w, https:\/\/renovationinside.be\/wp-content\/uploads\/2019\/02\/13-1536x1152.jpg 1536w, https:\/\/renovationinside.be\/wp-content\/uploads\/2019\/02\/13-rotated.jpg 1919w\" sizes=\"(max-width: 740px) 100vw, 740px\" data-id=\"3973\" \/><\/a><\/div>\t\t\t<div class=\"themetechmount-box-content themetechmount-overlay\">\r\n\t\t\t\t<div class=\"themetechmount-box-content-inner\">\r\n\t\t\t\t\t<div class=\"themetechmount-icon-box themetechmount-media-link\"><a class=\"tm_prettyphoto\" title=\"Travaux en \u00e9lectricit\u00e9\" href=\"https:\/\/renovationinside.be\/wp-content\/uploads\/2019\/02\/13-rotated.jpg\"><i class=\"tm-boldman-icon-search\"><\/i><\/a><a href=\" https:\/\/renovationinside.be\/index.php\/portfolio\/travaux-en-electricite\/\" class=\"themetechmount_pf_link\"><i class=\"tm-boldman-icon-link\"><\/i><\/a><\/div>\t\r\n\t\t\t\t<\/div>\t\t\t\r\n\t\t\t<\/div>\r\n\t\t<\/div>\r\n\t\t<div class=\"themetechmount-box-bottom-content\">\t\t\t\t\t\r\n\t\t\t<div class=\"themetechmount-box-category\"><a href=\"https:\/\/renovationinside.be\/index.php\/portfolio-category\/electricite\/\" rel=\"tag\">Electricit\u00e9<\/a><\/div>\t\r\n\t\t\t<div class=\"themetechmount-box-title\"><h4><a href=\"https:\/\/renovationinside.be\/index.php\/portfolio\/travaux-en-electricite\/\">Travaux en \u00e9lectricit\u00e9<\/a><\/h4><\/div>\t\t\t\r\n\t\t<\/div>\r\n\t<\/div>\r\n<\/article><\/div><div class=\"tm-box-col-wrapper col-lg-4 col-sm-6 col-md-4 col-xs-12 travaux-de-construction\"><article class=\"themetechmount-box themetechmount-box-portfolio themetechmount-box-view-top-image themetechmount-portfolio-box-view-top-image \">\r\n\t<div class=\"themetechmount-post-item\">\t\r\n\t\t<div class=\"themetechmount-post-item-inner\">\r\n\t\t\t<div class=\"tm-featured-wrapper tm-tm_portfolio-featured-wrapper\"><a href=\"https:\/\/renovationinside.be\/index.php\/portfolio\/allee-principale-d-une-villa\/\"><img width=\"740\" height=\"556\" src=\"https:\/\/renovationinside.be\/wp-content\/uploads\/2019\/02\/3-1-740x556.jpg\" class=\"attachment-themetechmount-img-portfolio size-themetechmount-img-portfolio wp-post-image\" alt=\"\" decoding=\"async\" data-id=\"3991\" \/><\/a><\/div>\t\t\t<div class=\"themetechmount-box-content themetechmount-overlay\">\r\n\t\t\t\t<div class=\"themetechmount-box-content-inner\">\r\n\t\t\t\t\t<div class=\"themetechmount-icon-box themetechmount-media-link\"><a class=\"tm_prettyphoto\" title=\"All\u00e9e principale d&rsquo;une villa\" href=\"https:\/\/renovationinside.be\/wp-content\/uploads\/2019\/02\/3-1.jpg\"><i class=\"tm-boldman-icon-search\"><\/i><\/a><a href=\" https:\/\/renovationinside.be\/index.php\/portfolio\/allee-principale-d-une-villa\/\" class=\"themetechmount_pf_link\"><i class=\"tm-boldman-icon-link\"><\/i><\/a><\/div>\t\r\n\t\t\t\t<\/div>\t\t\t\r\n\t\t\t<\/div>\r\n\t\t<\/div>\r\n\t\t<div class=\"themetechmount-box-bottom-content\">\t\t\t\t\t\r\n\t\t\t<div class=\"themetechmount-box-category\"><a href=\"https:\/\/renovationinside.be\/index.php\/portfolio-category\/travaux-de-construction\/\" rel=\"tag\">Travaux de construction<\/a><\/div>\t\r\n\t\t\t<div class=\"themetechmount-box-title\"><h4><a href=\"https:\/\/renovationinside.be\/index.php\/portfolio\/allee-principale-d-une-villa\/\">All\u00e9e principale d&rsquo;une villa<\/a><\/h4><\/div>\t\t\t\r\n\t\t<\/div>\r\n\t<\/div>\r\n<\/article><\/div><div class=\"tm-box-col-wrapper col-lg-4 col-sm-6 col-md-4 col-xs-12 travaux-de-construction\"><article class=\"themetechmount-box themetechmount-box-portfolio themetechmount-box-view-top-image themetechmount-portfolio-box-view-top-image \">\r\n\t<div class=\"themetechmount-post-item\">\t\r\n\t\t<div class=\"themetechmount-post-item-inner\">\r\n\t\t\t<div class=\"tm-featured-wrapper tm-tm_portfolio-featured-wrapper\"><a href=\"https:\/\/renovationinside.be\/index.php\/portfolio\/fabrication-de-barriere-de-securite\/\"><img width=\"740\" height=\"556\" src=\"https:\/\/renovationinside.be\/wp-content\/uploads\/2019\/02\/WhatsApp-Image-2022-11-01-a-18.41.35-740x556.jpg\" class=\"attachment-themetechmount-img-portfolio size-themetechmount-img-portfolio wp-post-image\" alt=\"\" decoding=\"async\" data-id=\"3994\" \/><\/a><\/div>\t\t\t<div class=\"themetechmount-box-content themetechmount-overlay\">\r\n\t\t\t\t<div class=\"themetechmount-box-content-inner\">\r\n\t\t\t\t\t<div class=\"themetechmount-icon-box themetechmount-media-link\"><a class=\"tm_prettyphoto\" title=\"Fabrication de barri\u00e8re de s\u00e9curit\u00e9\" href=\"https:\/\/renovationinside.be\/wp-content\/uploads\/2019\/02\/WhatsApp-Image-2022-11-01-a-18.41.35.jpg\"><i class=\"tm-boldman-icon-search\"><\/i><\/a><a href=\" https:\/\/renovationinside.be\/index.php\/portfolio\/fabrication-de-barriere-de-securite\/\" class=\"themetechmount_pf_link\"><i class=\"tm-boldman-icon-link\"><\/i><\/a><\/div>\t\r\n\t\t\t\t<\/div>\t\t\t\r\n\t\t\t<\/div>\r\n\t\t<\/div>\r\n\t\t<div class=\"themetechmount-box-bottom-content\">\t\t\t\t\t\r\n\t\t\t<div class=\"themetechmount-box-category\"><a href=\"https:\/\/renovationinside.be\/index.php\/portfolio-category\/travaux-de-construction\/\" rel=\"tag\">Travaux de construction<\/a><\/div>\t\r\n\t\t\t<div class=\"themetechmount-box-title\"><h4><a href=\"https:\/\/renovationinside.be\/index.php\/portfolio\/fabrication-de-barriere-de-securite\/\">Fabrication de barri\u00e8re de s\u00e9curit\u00e9<\/a><\/h4><\/div>\t\t\t\r\n\t\t<\/div>\r\n\t<\/div>\r\n<\/article><\/div><div class=\"tm-box-col-wrapper col-lg-4 col-sm-6 col-md-4 col-xs-12 renovation-cuisine\"><article class=\"themetechmount-box themetechmount-box-portfolio themetechmount-box-view-top-image themetechmount-portfolio-box-view-top-image \">\r\n\t<div class=\"themetechmount-post-item\">\t\r\n\t\t<div class=\"themetechmount-post-item-inner\">\r\n\t\t\t<div class=\"tm-featured-wrapper tm-tm_portfolio-featured-wrapper\"><a href=\"https:\/\/renovationinside.be\/index.php\/portfolio\/renovation-de-cuisine\/\"><img width=\"740\" height=\"556\" src=\"https:\/\/renovationinside.be\/wp-content\/uploads\/2019\/02\/5-2-740x556.jpg\" class=\"attachment-themetechmount-img-portfolio size-themetechmount-img-portfolio wp-post-image\" alt=\"\" decoding=\"async\" data-id=\"4005\" \/><\/a><\/div>\t\t\t<div class=\"themetechmount-box-content themetechmount-overlay\">\r\n\t\t\t\t<div class=\"themetechmount-box-content-inner\">\r\n\t\t\t\t\t<div class=\"themetechmount-icon-box themetechmount-media-link\"><a class=\"tm_prettyphoto\" title=\"R\u00e9novation de cuisine\" href=\"https:\/\/renovationinside.be\/wp-content\/uploads\/2019\/02\/5-2.jpg\"><i class=\"tm-boldman-icon-search\"><\/i><\/a><a href=\" https:\/\/renovationinside.be\/index.php\/portfolio\/renovation-de-cuisine\/\" class=\"themetechmount_pf_link\"><i class=\"tm-boldman-icon-link\"><\/i><\/a><\/div>\t\r\n\t\t\t\t<\/div>\t\t\t\r\n\t\t\t<\/div>\r\n\t\t<\/div>\r\n\t\t<div class=\"themetechmount-box-bottom-content\">\t\t\t\t\t\r\n\t\t\t<div class=\"themetechmount-box-category\"><a href=\"https:\/\/renovationinside.be\/index.php\/portfolio-category\/renovation-cuisine\/\" rel=\"tag\">R\u00e9novation cuisine<\/a><\/div>\t\r\n\t\t\t<div class=\"themetechmount-box-title\"><h4><a href=\"https:\/\/renovationinside.be\/index.php\/portfolio\/renovation-de-cuisine\/\">R\u00e9novation de cuisine<\/a><\/h4><\/div>\t\t\t\r\n\t\t<\/div>\r\n\t<\/div>\r\n<\/article><\/div><div class=\"tm-box-col-wrapper col-lg-4 col-sm-6 col-md-4 col-xs-12 travaux-de-construction\"><article class=\"themetechmount-box themetechmount-box-portfolio themetechmount-box-view-top-image themetechmount-portfolio-box-view-top-image \">\r\n\t<div class=\"themetechmount-post-item\">\t\r\n\t\t<div class=\"themetechmount-post-item-inner\">\r\n\t\t\t<div class=\"tm-featured-wrapper tm-tm_portfolio-featured-wrapper\"><a href=\"https:\/\/renovationinside.be\/index.php\/portfolio\/placard-sous-escalier\/\"><img width=\"740\" height=\"556\" src=\"https:\/\/renovationinside.be\/wp-content\/uploads\/2019\/02\/WhatsApp-Image-2022-11-01-a-18.38.00-740x556.jpg\" class=\"attachment-themetechmount-img-portfolio size-themetechmount-img-portfolio wp-post-image\" alt=\"\" decoding=\"async\" data-id=\"4007\" \/><\/a><\/div>\t\t\t<div class=\"themetechmount-box-content themetechmount-overlay\">\r\n\t\t\t\t<div class=\"themetechmount-box-content-inner\">\r\n\t\t\t\t\t<div class=\"themetechmount-icon-box themetechmount-media-link\"><a class=\"tm_prettyphoto\" title=\"Placard sous escalier\" href=\"https:\/\/renovationinside.be\/wp-content\/uploads\/2019\/02\/WhatsApp-Image-2022-11-01-a-18.38.00.jpg\"><i class=\"tm-boldman-icon-search\"><\/i><\/a><a href=\" https:\/\/renovationinside.be\/index.php\/portfolio\/placard-sous-escalier\/\" class=\"themetechmount_pf_link\"><i class=\"tm-boldman-icon-link\"><\/i><\/a><\/div>\t\r\n\t\t\t\t<\/div>\t\t\t\r\n\t\t\t<\/div>\r\n\t\t<\/div>\r\n\t\t<div class=\"themetechmount-box-bottom-content\">\t\t\t\t\t\r\n\t\t\t<div class=\"themetechmount-box-category\"><a href=\"https:\/\/renovationinside.be\/index.php\/portfolio-category\/travaux-de-construction\/\" rel=\"tag\">Travaux de construction<\/a><\/div>\t\r\n\t\t\t<div class=\"themetechmount-box-title\"><h4><a href=\"https:\/\/renovationinside.be\/index.php\/portfolio\/placard-sous-escalier\/\">Placard sous escalier<\/a><\/h4><\/div>\t\t\t\r\n\t\t<\/div>\r\n\t<\/div>\r\n<\/article><\/div><div class=\"tm-box-col-wrapper col-lg-4 col-sm-6 col-md-4 col-xs-12 plomberie\"><article class=\"themetechmount-box themetechmount-box-portfolio themetechmount-box-view-top-image themetechmount-portfolio-box-view-top-image \">\r\n\t<div class=\"themetechmount-post-item\">\t\r\n\t\t<div class=\"themetechmount-post-item-inner\">\r\n\t\t\t<div class=\"tm-featured-wrapper tm-tm_portfolio-featured-wrapper\"><a href=\"https:\/\/renovationinside.be\/index.php\/portfolio\/plomberie-et-sanitaire\/\"><img width=\"720\" height=\"556\" src=\"https:\/\/renovationinside.be\/wp-content\/uploads\/2019\/02\/7-2-720x556.jpg\" class=\"attachment-themetechmount-img-portfolio size-themetechmount-img-portfolio wp-post-image\" alt=\"\" decoding=\"async\" data-id=\"4013\" \/><\/a><\/div>\t\t\t<div class=\"themetechmount-box-content themetechmount-overlay\">\r\n\t\t\t\t<div class=\"themetechmount-box-content-inner\">\r\n\t\t\t\t\t<div class=\"themetechmount-icon-box themetechmount-media-link\"><a class=\"tm_prettyphoto\" title=\"Plomberie et sanitaire\" href=\"https:\/\/renovationinside.be\/wp-content\/uploads\/2019\/02\/7-2.jpg\"><i class=\"tm-boldman-icon-search\"><\/i><\/a><a href=\" https:\/\/renovationinside.be\/index.php\/portfolio\/plomberie-et-sanitaire\/\" class=\"themetechmount_pf_link\"><i class=\"tm-boldman-icon-link\"><\/i><\/a><\/div>\t\r\n\t\t\t\t<\/div>\t\t\t\r\n\t\t\t<\/div>\r\n\t\t<\/div>\r\n\t\t<div class=\"themetechmount-box-bottom-content\">\t\t\t\t\t\r\n\t\t\t<div class=\"themetechmount-box-category\"><a href=\"https:\/\/renovationinside.be\/index.php\/portfolio-category\/plomberie\/\" rel=\"tag\">Plomberie<\/a><\/div>\t\r\n\t\t\t<div class=\"themetechmount-box-title\"><h4><a href=\"https:\/\/renovationinside.be\/index.php\/portfolio\/plomberie-et-sanitaire\/\">Plomberie et sanitaire<\/a><\/h4><\/div>\t\t\t\r\n\t\t<\/div>\r\n\t<\/div>\r\n<\/article><\/div><div class=\"tm-box-col-wrapper col-lg-4 col-sm-6 col-md-4 col-xs-12 revetement-de-sols\"><article class=\"themetechmount-box themetechmount-box-portfolio themetechmount-box-view-top-image themetechmount-portfolio-box-view-top-image \">\r\n\t<div class=\"themetechmount-post-item\">\t\r\n\t\t<div class=\"themetechmount-post-item-inner\">\r\n\t\t\t<div class=\"tm-featured-wrapper tm-tm_portfolio-featured-wrapper\"><a href=\"https:\/\/renovationinside.be\/index.php\/portfolio\/installation-d-un-parquet\/\"><img width=\"740\" height=\"556\" src=\"https:\/\/renovationinside.be\/wp-content\/uploads\/2019\/02\/4-3-740x556.jpg\" class=\"attachment-themetechmount-img-portfolio size-themetechmount-img-portfolio wp-post-image\" alt=\"\" decoding=\"async\" data-id=\"4023\" \/><\/a><\/div>\t\t\t<div class=\"themetechmount-box-content themetechmount-overlay\">\r\n\t\t\t\t<div class=\"themetechmount-box-content-inner\">\r\n\t\t\t\t\t<div class=\"themetechmount-icon-box themetechmount-media-link\"><a class=\"tm_prettyphoto\" title=\"Installation d&rsquo;un parquet\" href=\"https:\/\/renovationinside.be\/wp-content\/uploads\/2019\/02\/4-3.jpg\"><i class=\"tm-boldman-icon-search\"><\/i><\/a><a href=\" https:\/\/renovationinside.be\/index.php\/portfolio\/installation-d-un-parquet\/\" class=\"themetechmount_pf_link\"><i class=\"tm-boldman-icon-link\"><\/i><\/a><\/div>\t\r\n\t\t\t\t<\/div>\t\t\t\r\n\t\t\t<\/div>\r\n\t\t<\/div>\r\n\t\t<div class=\"themetechmount-box-bottom-content\">\t\t\t\t\t\r\n\t\t\t<div class=\"themetechmount-box-category\"><a href=\"https:\/\/renovationinside.be\/index.php\/portfolio-category\/revetement-de-sols\/\" rel=\"tag\">Rev\u00eatement de sols<\/a><\/div>\t\r\n\t\t\t<div class=\"themetechmount-box-title\"><h4><a href=\"https:\/\/renovationinside.be\/index.php\/portfolio\/installation-d-un-parquet\/\">Installation d&rsquo;un parquet<\/a><\/h4><\/div>\t\t\t\r\n\t\t<\/div>\r\n\t<\/div>\r\n<\/article><\/div>\n\t\t\t<\/div>\n\t\t<\/div><!-- .themetechmount-boxes-inner -->   <\/div><!-- .themetechmount-boxes -->  [\/vc_column][\/vc_row]<\/p>\n","protected":false},"excerpt":{"rendered":"<p>[vc_row tm_bgimagefixed=\u00a0\u00bb\u00a0\u00bb css=\u00a0\u00bb.vc_custom_1533794482488{padding-top: 65px !important;padding-bottom: 0px !important;}\u00a0\u00bb][vc_column][vc_column_text]D\u00e9couvrez nos derniers projets r\u00e9alis\u00e9s et assurez-vous de la qualit\u00e9 du service que nous offrons:[\/vc_column_text][\/vc_column][\/vc_row][vc_row tm_bgimagefixed=\u00a0\u00bb\u00a0\u00bb css=\u00a0\u00bb.vc_custom_1550124264289{padding-top: 15px !important;padding-bottom: 100px !important;}\u00a0\u00bb][vc_column][\/vc_column][\/vc_row]<\/p>\n","protected":false},"author":1,"featured_media":0,"parent":0,"menu_order":20,"comment_status":"closed","ping_status":"closed","template":"","meta":{"footnotes":""},"_links":{"self":[{"href":"https:\/\/renovationinside.be\/index.php\/wp-json\/wp\/v2\/pages\/3880"}],"collection":[{"href":"https:\/\/renovationinside.be\/index.php\/wp-json\/wp\/v2\/pages"}],"about":[{"href":"https:\/\/renovationinside.be\/index.php\/wp-json\/wp\/v2\/types\/page"}],"author":[{"embeddable":true,"href":"https:\/\/renovationinside.be\/index.php\/wp-json\/wp\/v2\/users\/1"}],"replies":[{"embeddable":true,"href":"https:\/\/renovationinside.be\/index.php\/wp-json\/wp\/v2\/comments?post=3880"}],"version-history":[{"count":2,"href":"https:\/\/renovationinside.be\/index.php\/wp-json\/wp\/v2\/pages\/3880\/revisions"}],"predecessor-version":[{"id":4131,"href":"https:\/\/renovationinside.be\/index.php\/wp-json\/wp\/v2\/pages\/3880\/revisions\/4131"}],"wp:attachment":[{"href":"https:\/\/renovationinside.be\/index.php\/wp-json\/wp\/v2\/media?parent=3880"}],"curies":[{"name":"wp","href":"https:\/\/api.w.org\/{rel}","templated":true}]}}